{"id":1601,"date":"2022-08-25T10:51:06","date_gmt":"2022-08-25T08:51:06","guid":{"rendered":"https:\/\/johanneskirchengemeinde-wismar.de\/?page_id=1601"},"modified":"2025-04-23T14:51:23","modified_gmt":"2025-04-23T12:51:23","slug":"johannes-cafe","status":"publish","type":"page","link":"https:\/\/johanneskirchengemeinde-wismar.de\/?page_id=1601","title":{"rendered":"Johannes-Caf\u00e9"},"content":{"rendered":"\n<div class=\"wp-block-media-text alignwide is-stacked-on-mobile\" style=\"grid-template-columns:25% auto\"><figure class=\"wp-block-media-text__media\"><img fetchpriority=\"high\" decoding=\"async\" width=\"1024\" height=\"630\" src=\"https:\/\/johanneskirchengemeinde-wismar.de\/wp-content\/uploads\/2025\/01\/coffee-842020_1280-1024x630.jpg\" alt=\"\" class=\"wp-image-1908 size-full\" srcset=\"https:\/\/johanneskirchengemeinde-wismar.de\/wp-content\/uploads\/2025\/01\/coffee-842020_1280-1024x630.jpg 1024w, https:\/\/johanneskirchengemeinde-wismar.de\/wp-content\/uploads\/2025\/01\/coffee-842020_1280-300x184.jpg 300w, https:\/\/johanneskirchengemeinde-wismar.de\/wp-content\/uploads\/2025\/01\/coffee-842020_1280-768x472.jpg 768w, https:\/\/johanneskirchengemeinde-wismar.de\/wp-content\/uploads\/2025\/01\/coffee-842020_1280.jpg 1280w\" sizes=\"(max-width: 1024px) 100vw, 1024px\" \/><\/figure><div class=\"wp-block-media-text__content\">\n<h2 class=\"wp-block-heading\">Nachbarschafts-Caf\u00e9: <\/h2>\n\n\n\n<h2 class=\"wp-block-heading\">donnerstags von 14 bis 16 Uhr.<\/h2>\n\n\n\n<p>Wir laden zu Kaffee und einem St\u00fcck selbst gebackenen Kuchen in gem\u00fctlicher und sch\u00f6ner Atmosph\u00e4re ein. Unsere R\u00e4umlichkeiten im Erdgeschoss sind barrierefrei und wir m\u00f6chten diese f\u00fcr Gemeinschaft und Austausch \u00f6ffnen.<\/p>\n\n\n\n<p>Dabei gibt es Gelegenheit, \u00fcber Gott und die Welt ins Gespr\u00e4ch zu kommen. Wir freuen uns auf Sie! Da wir kein Gesch\u00e4ft sind und auch kein Gesch\u00e4ft machen wollen, erbitten wir lediglich um eine Spende.<\/p>\n\n\n\n<p>Ein Team von Ehrenamtlichen ist gern f\u00fcr Sie da. Wir achten auf die geltenden Hygiene- und Gesundheitsvorschriften.<\/p>\n\n\n\n<p>Herzlich Willkommen!<\/p>\n<\/div><\/div>\n","protected":false},"excerpt":{"rendered":"<p>Nachbarschafts-Caf\u00e9: donnerstags von 14 bis 16 Uhr. Wir laden zu Kaffee und einem St\u00fcck selbst gebackenen Kuchen in gem\u00fctlicher und sch\u00f6ner Atmosph\u00e4re ein. Unsere R\u00e4umlichkeiten im Erdgeschoss sind barrierefrei und wir m\u00f6chten diese f\u00fcr Gemeinschaft und Austausch \u00f6ffnen. Dabei gibt es Gelegenheit, \u00fcber Gott und die Welt ins Gespr\u00e4ch zu kommen. Wir freuen uns auf [&hellip;]<\/p>\n","protected":false},"author":1,"featured_media":0,"parent":0,"menu_order":0,"comment_status":"closed","ping_status":"closed","template":"","meta":{"ocean_post_layout":"full-width","ocean_both_sidebars_style":"","ocean_both_sidebars_content_width":0,"ocean_both_sidebars_sidebars_width":0,"ocean_sidebar":"0","ocean_second_sidebar":"0","ocean_disable_margins":"enable","ocean_add_body_class":"","ocean_shortcode_before_top_bar":"","ocean_shortcode_after_top_bar":"","ocean_shortcode_before_header":"","ocean_shortcode_after_header":"","ocean_has_shortcode":"","ocean_shortcode_after_title":"","ocean_shortcode_before_footer_widgets":"","ocean_shortcode_after_footer_widgets":"","ocean_shortcode_before_footer_bottom":"","ocean_shortcode_after_footer_bottom":"","ocean_display_top_bar":"default","ocean_display_header":"default","ocean_header_style":"","ocean_center_header_left_menu":"0","ocean_custom_header_template":"0","ocean_custom_logo":0,"ocean_custom_retina_logo":0,"ocean_custom_logo_max_width":0,"ocean_custom_logo_tablet_max_width":0,"ocean_custom_logo_mobile_max_width":0,"ocean_custom_logo_max_height":0,"ocean_custom_logo_tablet_max_height":0,"ocean_custom_logo_mobile_max_height":0,"ocean_header_custom_menu":"0","ocean_menu_typo_font_family":"0","ocean_menu_typo_font_subset":"","ocean_menu_typo_font_size":0,"ocean_menu_typo_font_size_tablet":0,"ocean_menu_typo_font_size_mobile":0,"ocean_menu_typo_font_size_unit":"px","ocean_menu_typo_font_weight":"","ocean_menu_typo_font_weight_tablet":"","ocean_menu_typo_font_weight_mobile":"","ocean_menu_typo_transform":"","ocean_menu_typo_transform_tablet":"","ocean_menu_typo_transform_mobile":"","ocean_menu_typo_line_height":0,"ocean_menu_typo_line_height_tablet":0,"ocean_menu_typo_line_height_mobile":0,"ocean_menu_typo_line_height_unit":"","ocean_menu_typo_spacing":0,"ocean_menu_typo_spacing_tablet":0,"ocean_menu_typo_spacing_mobile":0,"ocean_menu_typo_spacing_unit":"","ocean_menu_link_color":"","ocean_menu_link_color_hover":"","ocean_menu_link_color_active":"","ocean_menu_link_background":"","ocean_menu_link_hover_background":"","ocean_menu_link_active_background":"","ocean_menu_social_links_bg":"","ocean_menu_social_hover_links_bg":"","ocean_menu_social_links_color":"","ocean_menu_social_hover_links_color":"","ocean_disable_title":"default","ocean_disable_heading":"default","ocean_post_title":"","ocean_post_subheading":"","ocean_post_title_style":"","ocean_post_title_background_color":"","ocean_post_title_background":0,"ocean_post_title_bg_image_position":"","ocean_post_title_bg_image_attachment":"","ocean_post_title_bg_image_repeat":"","ocean_post_title_bg_image_size":"","ocean_post_title_height":0,"ocean_post_title_bg_overlay":0.5,"ocean_post_title_bg_overlay_color":"","ocean_disable_breadcrumbs":"default","ocean_breadcrumbs_color":"","ocean_breadcrumbs_separator_color":"","ocean_breadcrumbs_links_color":"","ocean_breadcrumbs_links_hover_color":"","ocean_display_footer_widgets":"default","ocean_display_footer_bottom":"default","ocean_custom_footer_template":"0","footnotes":""},"class_list":["post-1601","page","type-page","status-publish","hentry","entry"],"_links":{"self":[{"href":"https:\/\/johanneskirchengemeinde-wismar.de\/index.php?rest_route=\/wp\/v2\/pages\/1601","targetHints":{"allow":["GET"]}}],"collection":[{"href":"https:\/\/johanneskirchengemeinde-wismar.de\/index.php?rest_route=\/wp\/v2\/pages"}],"about":[{"href":"https:\/\/johanneskirchengemeinde-wismar.de\/index.php?rest_route=\/wp\/v2\/types\/page"}],"author":[{"embeddable":true,"href":"https:\/\/johanneskirchengemeinde-wismar.de\/index.php?rest_route=\/wp\/v2\/users\/1"}],"replies":[{"embeddable":true,"href":"https:\/\/johanneskirchengemeinde-wismar.de\/index.php?rest_route=%2Fwp%2Fv2%2Fcomments&post=1601"}],"version-history":[{"count":4,"href":"https:\/\/johanneskirchengemeinde-wismar.de\/index.php?rest_route=\/wp\/v2\/pages\/1601\/revisions"}],"predecessor-version":[{"id":1976,"href":"https:\/\/johanneskirchengemeinde-wismar.de\/index.php?rest_route=\/wp\/v2\/pages\/1601\/revisions\/1976"}],"wp:attachment":[{"href":"https:\/\/johanneskirchengemeinde-wismar.de\/index.php?rest_route=%2Fwp%2Fv2%2Fmedia&parent=1601"}],"curies":[{"name":"wp","href":"https:\/\/api.w.org\/{rel}","templated":true}]}}