{"id":182,"date":"2020-04-30T20:01:24","date_gmt":"2020-04-30T18:01:24","guid":{"rendered":"https:\/\/johanneskirchengemeinde-wismar.de\/?page_id=182"},"modified":"2025-01-18T20:24:23","modified_gmt":"2025-01-18T19:24:23","slug":"kgr","status":"publish","type":"page","link":"https:\/\/johanneskirchengemeinde-wismar.de\/?page_id=182","title":{"rendered":"KGR"},"content":{"rendered":"\t\t<div data-elementor-type=\"wp-page\" data-elementor-id=\"182\" class=\"elementor elementor-182\">\n\t\t\t\t\t\t<section class=\"elementor-section elementor-top-section elementor-element elementor-element-4aea017 elementor-section-boxed elementor-section-height-default elementor-section-height-default\" data-id=\"4aea017\" data-element_type=\"section\" data-e-type=\"section\">\n\t\t\t\t\t\t<div class=\"elementor-container elementor-column-gap-default\">\n\t\t\t\t\t<div class=\"elementor-column elementor-col-100 elementor-top-column elementor-element elementor-element-e919ab6\" data-id=\"e919ab6\" data-element_type=\"column\" data-e-type=\"column\">\n\t\t\t<div class=\"elementor-widget-wrap elementor-element-populated\">\n\t\t\t\t\t\t<div class=\"elementor-element elementor-element-37ae512 elementor-invisible elementor-widget elementor-widget-image\" data-id=\"37ae512\" data-element_type=\"widget\" data-e-type=\"widget\" data-settings=\"{&quot;_animation&quot;:&quot;rotateIn&quot;}\" data-widget_type=\"image.default\">\n\t\t\t\t<div class=\"elementor-widget-container\">\n\t\t\t\t\t\t\t\t\t\t\t\t\t\t\t<img decoding=\"async\" src=\"https:\/\/johanneskirchengemeinde-wismar.de\/wp-content\/uploads\/elementor\/thumbs\/cross-1261976-1-scaled-ooi30125nqsjn7innqsvtsi4nadkhowyz5gf4a84o0.jpg\" title=\"cross-1261976\" alt=\"cross-1261976\" loading=\"lazy\" \/>\t\t\t\t\t\t\t\t\t\t\t\t\t\t\t<\/div>\n\t\t\t\t<\/div>\n\t\t\t\t\t<\/div>\n\t\t<\/div>\n\t\t\t\t\t<\/div>\n\t\t<\/section>\n\t\t\t\t<section class=\"elementor-section elementor-top-section elementor-element elementor-element-35edf9f elementor-section-boxed elementor-section-height-default elementor-section-height-default\" data-id=\"35edf9f\" data-element_type=\"section\" data-e-type=\"section\">\n\t\t\t\t\t\t<div class=\"elementor-container elementor-column-gap-default\">\n\t\t\t\t\t<div class=\"elementor-column elementor-col-33 elementor-top-column elementor-element elementor-element-dc3b268\" data-id=\"dc3b268\" data-element_type=\"column\" data-e-type=\"column\">\n\t\t\t<div class=\"elementor-widget-wrap elementor-element-populated\">\n\t\t\t\t\t\t<div class=\"elementor-element elementor-element-36b24a4 elementor-widget elementor-widget-text-editor\" data-id=\"36b24a4\" data-element_type=\"widget\" data-e-type=\"widget\" data-widget_type=\"text-editor.default\">\n\t\t\t\t<div class=\"elementor-widget-container\">\n\t\t\t\t\t\t\t\t\t<p>Auszug aus der Kirchengemeindeordnung der Nordkirche, \u00a7 19:<\/p><h4 class=\"section4_title\"><span class=\"kr-highlight\">Aufgabe<\/span>n des\u00a0<span class=\"kr-highlight\">Kirchengemeinderat<\/span>es<\/h4><div class=\"para\">Der\u00a0<span class=\"kr-highlight\">Kirchengemeinderat<\/span>\u00a0tr\u00e4gt Sorge daf\u00fcr, dass<\/div><div class=\"para\"><ol type=\"1\"><li><div class=\"para\">das Evangelium der Schrift und dem Bekenntnis gem\u00e4\u00df verk\u00fcndigt wird;<\/div><\/li><li><div class=\"para\">diese Botschaft auf vielf\u00e4ltige und einladende Weise erfahrbar werden kann und im Leben der Kirchengemeinde und ihrer Glieder immer wieder neu Gestalt gewinnt;<\/div><\/li><li><div class=\"para\">die Kirchengemeinde ihren \u00f6ffentlichen Auftrag in der Gesellschaft und ihren Dienst in Diakonie, Mission und \u00d6kumene sowie Bildung wahrnimmt;<\/div><\/li><li><div class=\"para\">der Friede in der Kirchengemeinde gewahrt und die Gemeinschaft der Kirche Jesu Christi gest\u00e4rkt wird.<\/div><\/li><\/ol><\/div>\t\t\t\t\t\t\t\t<\/div>\n\t\t\t\t<\/div>\n\t\t\t\t\t<\/div>\n\t\t<\/div>\n\t\t\t\t<div class=\"elementor-column elementor-col-66 elementor-top-column elementor-element elementor-element-cc0fb4c\" data-id=\"cc0fb4c\" data-element_type=\"column\" data-e-type=\"column\">\n\t\t\t<div class=\"elementor-widget-wrap elementor-element-populated\">\n\t\t\t\t\t\t<div class=\"elementor-element elementor-element-298c167 elementor-widget elementor-widget-text-editor\" data-id=\"298c167\" data-element_type=\"widget\" data-e-type=\"widget\" data-widget_type=\"text-editor.default\">\n\t\t\t\t<div class=\"elementor-widget-container\">\n\t\t\t\t\t\t\t\t\t<p>Kontakt:<\/p><p>2. Vorsitzender: Toni Br\u00fcggert 0173-566 59 07<\/p><p>Sitzung: in der Regel 1x monatlich an einem Dienstagabend<\/p><p>Sie haben ein Anliegen, eine Frage, eine Beschwerde?<\/p><p>Wir h\u00f6ren zu! Bitte sagen Sie einfach, worum es geht.<\/p>\t\t\t\t\t\t\t\t<\/div>\n\t\t\t\t<\/div>\n\t\t\t\t\t<\/div>\n\t\t<\/div>\n\t\t\t\t\t<\/div>\n\t\t<\/section>\n\t\t\t\t<\/div>\n\t\t","protected":false},"excerpt":{"rendered":"<p>Auszug aus der Kirchengemeindeordnung der Nordkirche, \u00a7 19: Aufgaben des\u00a0Kirchengemeinderates Der\u00a0Kirchengemeinderat\u00a0tr\u00e4gt Sorge daf\u00fcr, dass das Evangelium der Schrift und dem Bekenntnis gem\u00e4\u00df verk\u00fcndigt wird; diese Botschaft auf vielf\u00e4ltige und einladende Weise erfahrbar werden kann und im Leben der Kirchengemeinde und ihrer Glieder immer wieder neu Gestalt gewinnt; die Kirchengemeinde ihren \u00f6ffentlichen Auftrag in der Gesellschaft [&hellip;]<\/p>\n","protected":false},"author":1,"featured_media":0,"parent":0,"menu_order":0,"comment_status":"closed","ping_status":"closed","template":"","meta":{"ocean_post_layout":"","ocean_both_sidebars_style":"","ocean_both_sidebars_content_width":0,"ocean_both_sidebars_sidebars_width":0,"ocean_sidebar":"0","ocean_second_sidebar":"0","ocean_disable_margins":"enable","ocean_add_body_class":"","ocean_shortcode_before_top_bar":"","ocean_shortcode_after_top_bar":"","ocean_shortcode_before_header":"","ocean_shortcode_after_header":"","ocean_has_shortcode":"","ocean_shortcode_after_title":"","ocean_shortcode_before_footer_widgets":"","ocean_shortcode_after_footer_widgets":"","ocean_shortcode_before_footer_bottom":"","ocean_shortcode_after_footer_bottom":"","ocean_display_top_bar":"default","ocean_display_header":"default","ocean_header_style":"","ocean_center_header_left_menu":"0","ocean_custom_header_template":"0","ocean_custom_logo":0,"ocean_custom_retina_logo":0,"ocean_custom_logo_max_width":0,"ocean_custom_logo_tablet_max_width":0,"ocean_custom_logo_mobile_max_width":0,"ocean_custom_logo_max_height":0,"ocean_custom_logo_tablet_max_height":0,"ocean_custom_logo_mobile_max_height":0,"ocean_header_custom_menu":"0","ocean_menu_typo_font_family":"0","ocean_menu_typo_font_subset":"","ocean_menu_typo_font_size":0,"ocean_menu_typo_font_size_tablet":0,"ocean_menu_typo_font_size_mobile":0,"ocean_menu_typo_font_size_unit":"px","ocean_menu_typo_font_weight":"","ocean_menu_typo_font_weight_tablet":"","ocean_menu_typo_font_weight_mobile":"","ocean_menu_typo_transform":"","ocean_menu_typo_transform_tablet":"","ocean_menu_typo_transform_mobile":"","ocean_menu_typo_line_height":0,"ocean_menu_typo_line_height_tablet":0,"ocean_menu_typo_line_height_mobile":0,"ocean_menu_typo_line_height_unit":"","ocean_menu_typo_spacing":0,"ocean_menu_typo_spacing_tablet":0,"ocean_menu_typo_spacing_mobile":0,"ocean_menu_typo_spacing_unit":"","ocean_menu_link_color":"","ocean_menu_link_color_hover":"","ocean_menu_link_color_active":"","ocean_menu_link_background":"","ocean_menu_link_hover_background":"","ocean_menu_link_active_background":"","ocean_menu_social_links_bg":"","ocean_menu_social_hover_links_bg":"","ocean_menu_social_links_color":"","ocean_menu_social_hover_links_color":"","ocean_disable_title":"default","ocean_disable_heading":"default","ocean_post_title":"","ocean_post_subheading":"","ocean_post_title_style":"","ocean_post_title_background_color":"","ocean_post_title_background":0,"ocean_post_title_bg_image_position":"","ocean_post_title_bg_image_attachment":"","ocean_post_title_bg_image_repeat":"","ocean_post_title_bg_image_size":"","ocean_post_title_height":0,"ocean_post_title_bg_overlay":0.5,"ocean_post_title_bg_overlay_color":"","ocean_disable_breadcrumbs":"default","ocean_breadcrumbs_color":"","ocean_breadcrumbs_separator_color":"","ocean_breadcrumbs_links_color":"","ocean_breadcrumbs_links_hover_color":"","ocean_display_footer_widgets":"default","ocean_display_footer_bottom":"default","ocean_custom_footer_template":"0","footnotes":""},"class_list":["post-182","page","type-page","status-publish","hentry","entry"],"_links":{"self":[{"href":"https:\/\/johanneskirchengemeinde-wismar.de\/index.php?rest_route=\/wp\/v2\/pages\/182","targetHints":{"allow":["GET"]}}],"collection":[{"href":"https:\/\/johanneskirchengemeinde-wismar.de\/index.php?rest_route=\/wp\/v2\/pages"}],"about":[{"href":"https:\/\/johanneskirchengemeinde-wismar.de\/index.php?rest_route=\/wp\/v2\/types\/page"}],"author":[{"embeddable":true,"href":"https:\/\/johanneskirchengemeinde-wismar.de\/index.php?rest_route=\/wp\/v2\/users\/1"}],"replies":[{"embeddable":true,"href":"https:\/\/johanneskirchengemeinde-wismar.de\/index.php?rest_route=%2Fwp%2Fv2%2Fcomments&post=182"}],"version-history":[{"count":13,"href":"https:\/\/johanneskirchengemeinde-wismar.de\/index.php?rest_route=\/wp\/v2\/pages\/182\/revisions"}],"predecessor-version":[{"id":1950,"href":"https:\/\/johanneskirchengemeinde-wismar.de\/index.php?rest_route=\/wp\/v2\/pages\/182\/revisions\/1950"}],"wp:attachment":[{"href":"https:\/\/johanneskirchengemeinde-wismar.de\/index.php?rest_route=%2Fwp%2Fv2%2Fmedia&parent=182"}],"curies":[{"name":"wp","href":"https:\/\/api.w.org\/{rel}","templated":true}]}}