{"id":83,"date":"2020-04-24T10:48:30","date_gmt":"2020-04-24T08:48:30","guid":{"rendered":"https:\/\/johanneskirchengemeinde-wismar.de\/?page_id=83"},"modified":"2025-01-10T12:39:55","modified_gmt":"2025-01-10T11:39:55","slug":"impressum","status":"publish","type":"page","link":"https:\/\/johanneskirchengemeinde-wismar.de\/?page_id=83","title":{"rendered":"Impressum"},"content":{"rendered":"\n<h1 class=\"wp-block-heading\">Herausgeber:<\/h1>\n\n\n\n<p>Evangelisch-Lutherische Johanneskirchengemeinde Wismar-Wendorf<\/p>\n\n\n\n<p>Verantwortlich:\u00a0Pastorin Helga Kretschmer | Rudi-Arndt-Str. 18 | 23968 Wismar-Wendorf<\/p>\n\n\n\n<h1 class=\"wp-block-heading\">Redaktion und Erstellung<\/h1>\n\n\n\n<p>K. Wischeropp | wischeropp@gmx.net<\/p>\n\n\n\n<p>und viele Mitwirkende<\/p>\n\n\n\n<h1 class=\"wp-block-heading\">Haftung<\/h1>\n\n\n\n<h2 class=\"wp-block-heading\">1. Allgemein<\/h2>\n\n\n\n<p>Die auf diesen Webseiten enthaltenen Angaben und Informationen werden st\u00e4ndig \u00fcberpr\u00fcft und aktualisiert. Trotz aller Sorgfalt k\u00f6nnen sich Daten zwischenzeitlich ver\u00e4ndert haben. Eine Gew\u00e4hr f\u00fcr Aktualit\u00e4t, Richtigkeit oder Vollst\u00e4ndigkeit der zur Verf\u00fcgung gestellten Angaben und Informationen kann daher nicht \u00fcbernommen werden.<\/p>\n\n\n\n<p>\u201ewww.johanneskirchengemeinde-wismar.de\u201c haftet nicht f\u00fcr etwaige Sch\u00e4den aufgrund von Handlungen, die aufgrund von den auf dieser oder einer der \u00fcbrigen Seiten enthaltenen Informationen oder Angaben vorgenommen werden.<\/p>\n\n\n\n<h2 class=\"wp-block-heading\">2. Disclaimer<\/h2>\n\n\n\n<p>\u201ewww.johanneskirchengeneinde-wismar.de\u201c haftet nur f\u00fcr eigene Inhalte nach den allgemeinen Gesetzen. Dar\u00fcber hinaus \u00fcbernimmt sie keine Gew\u00e4hr f\u00fcr die Aktualit\u00e4t, Korrektheit, Vollst\u00e4ndigkeit oder Qualit\u00e4t der bereitgestellten Daten und Informationen.&nbsp;<\/p>\n\n\n\n<p>\u201ewww.johanneskirchengemeinde-wismar.de\u201c beh\u00e4lt es sich ausdr\u00fccklich vor, Teile der Seiten oder das gesamte Angebot ohne gesonderte Ank\u00fcndigung zu ver\u00e4ndern, zu erg\u00e4nzen, zu l\u00f6schen oder die Ver\u00f6ffentlichung zeitweise oder endg\u00fcltig&nbsp;einzustellen.&nbsp;&nbsp;<\/p>\n\n\n\n<p>Inhalte anderer Anbieter, auf die \u201ewww.johanneskirchengemeinde-wismar.de\u201c mittels direkter oder indirekter Verkn\u00fcpfungen (Links) hinweist, spiegeln nicht die Meinung von \u201ewww.johanneskirchengemeinde-wismar.de\u201c wider. \u201ewww.johanneskirchengemeinde-wismar.de\u201c ist nicht f\u00fcr die Inhalte anderer Anbieter verantwortlich und hat keinen Einfluss auf die dort bereitgestellten Inhalte.<\/p>\n\n\n\n<h2 class=\"wp-block-heading\">3. Copyright<\/h2>\n\n\n\n<p>Alle Inhalte der Seiten wurden von den dort genannten Autoren bzw. Agenturen bereitgestellt. Ist kein Autor oder Agentur genannt, versteht sich \u201ewww.johanneskirchengemeinde-wismar.de\u201c als Autor. Inhalte der Seiten d\u00fcrfen nicht, weder ganz noch auszugsweise, soweit nicht ausdr\u00fccklich anders gekennzeichnet, ohne schriftliche Genehmigung von \u201ewww.johanneskirchengemeinde-wismar.de\u201c weiter verwendet werden.&nbsp;<br>&nbsp;<\/p>\n\n\n\n<h2 class=\"wp-block-heading\">4. Datenschutz<\/h2>\n\n\n\n<p>Die Nutzung der im Rahmen des Impressums oder vergleichbarer Angaben ver\u00f6ffentlichten Kontaktdaten wie Postanschriften, Telefon- und Faxnummern sowie Emailadressen durch Dritte zur \u00dcbersendung von nicht ausdr\u00fccklich angeforderten Informationen ist nicht gestattet. Desweiteren ist eine Speicherung und Verarbeitung der Daten nur im gesetzlichen Rahmen erlaubt. Rechtliche Schritte gegen die Versender von sogenannten Spam-Mails bei Verst\u00f6ssen gegen dieses Verbot sind ausdr\u00fccklich vorbehalten.<\/p>\n","protected":false},"excerpt":{"rendered":"<p>Herausgeber: Evangelisch-Lutherische Johanneskirchengemeinde Wismar-Wendorf Verantwortlich:\u00a0Pastorin Helga Kretschmer | Rudi-Arndt-Str. 18 | 23968 Wismar-Wendorf Redaktion und Erstellung K. Wischeropp | wischeropp@gmx.net und viele Mitwirkende Haftung 1. Allgemein Die auf diesen Webseiten enthaltenen Angaben und Informationen werden st\u00e4ndig \u00fcberpr\u00fcft und aktualisiert. Trotz aller Sorgfalt k\u00f6nnen sich Daten zwischenzeitlich ver\u00e4ndert haben. Eine Gew\u00e4hr f\u00fcr Aktualit\u00e4t, Richtigkeit oder Vollst\u00e4ndigkeit [&hellip;]<\/p>\n","protected":false},"author":1,"featured_media":0,"parent":0,"menu_order":0,"comment_status":"closed","ping_status":"closed","template":"","meta":{"ocean_post_layout":"","ocean_both_sidebars_style":"","ocean_both_sidebars_content_width":0,"ocean_both_sidebars_sidebars_width":0,"ocean_sidebar":"0","ocean_second_sidebar":"0","ocean_disable_margins":"enable","ocean_add_body_class":"","ocean_shortcode_before_top_bar":"","ocean_shortcode_after_top_bar":"","ocean_shortcode_before_header":"","ocean_shortcode_after_header":"","ocean_has_shortcode":"","ocean_shortcode_after_title":"","ocean_shortcode_before_footer_widgets":"","ocean_shortcode_after_footer_widgets":"","ocean_shortcode_before_footer_bottom":"","ocean_shortcode_after_footer_bottom":"","ocean_display_top_bar":"default","ocean_display_header":"default","ocean_header_style":"","ocean_center_header_left_menu":"0","ocean_custom_header_template":"0","ocean_custom_logo":0,"ocean_custom_retina_logo":0,"ocean_custom_logo_max_width":0,"ocean_custom_logo_tablet_max_width":0,"ocean_custom_logo_mobile_max_width":0,"ocean_custom_logo_max_height":0,"ocean_custom_logo_tablet_max_height":0,"ocean_custom_logo_mobile_max_height":0,"ocean_header_custom_menu":"0","ocean_menu_typo_font_family":"0","ocean_menu_typo_font_subset":"","ocean_menu_typo_font_size":0,"ocean_menu_typo_font_size_tablet":0,"ocean_menu_typo_font_size_mobile":0,"ocean_menu_typo_font_size_unit":"px","ocean_menu_typo_font_weight":"","ocean_menu_typo_font_weight_tablet":"","ocean_menu_typo_font_weight_mobile":"","ocean_menu_typo_transform":"","ocean_menu_typo_transform_tablet":"","ocean_menu_typo_transform_mobile":"","ocean_menu_typo_line_height":0,"ocean_menu_typo_line_height_tablet":0,"ocean_menu_typo_line_height_mobile":0,"ocean_menu_typo_line_height_unit":"","ocean_menu_typo_spacing":0,"ocean_menu_typo_spacing_tablet":0,"ocean_menu_typo_spacing_mobile":0,"ocean_menu_typo_spacing_unit":"","ocean_menu_link_color":"","ocean_menu_link_color_hover":"","ocean_menu_link_color_active":"","ocean_menu_link_background":"","ocean_menu_link_hover_background":"","ocean_menu_link_active_background":"","ocean_menu_social_links_bg":"","ocean_menu_social_hover_links_bg":"","ocean_menu_social_links_color":"","ocean_menu_social_hover_links_color":"","ocean_disable_title":"default","ocean_disable_heading":"default","ocean_post_title":"","ocean_post_subheading":"","ocean_post_title_style":"","ocean_post_title_background_color":"","ocean_post_title_background":0,"ocean_post_title_bg_image_position":"","ocean_post_title_bg_image_attachment":"","ocean_post_title_bg_image_repeat":"","ocean_post_title_bg_image_size":"","ocean_post_title_height":0,"ocean_post_title_bg_overlay":0.5,"ocean_post_title_bg_overlay_color":"","ocean_disable_breadcrumbs":"default","ocean_breadcrumbs_color":"","ocean_breadcrumbs_separator_color":"","ocean_breadcrumbs_links_color":"","ocean_breadcrumbs_links_hover_color":"","ocean_display_footer_widgets":"default","ocean_display_footer_bottom":"default","ocean_custom_footer_template":"0","footnotes":""},"class_list":["post-83","page","type-page","status-publish","hentry","entry"],"_links":{"self":[{"href":"https:\/\/johanneskirchengemeinde-wismar.de\/index.php?rest_route=\/wp\/v2\/pages\/83","targetHints":{"allow":["GET"]}}],"collection":[{"href":"https:\/\/johanneskirchengemeinde-wismar.de\/index.php?rest_route=\/wp\/v2\/pages"}],"about":[{"href":"https:\/\/johanneskirchengemeinde-wismar.de\/index.php?rest_route=\/wp\/v2\/types\/page"}],"author":[{"embeddable":true,"href":"https:\/\/johanneskirchengemeinde-wismar.de\/index.php?rest_route=\/wp\/v2\/users\/1"}],"replies":[{"embeddable":true,"href":"https:\/\/johanneskirchengemeinde-wismar.de\/index.php?rest_route=%2Fwp%2Fv2%2Fcomments&post=83"}],"version-history":[{"count":3,"href":"https:\/\/johanneskirchengemeinde-wismar.de\/index.php?rest_route=\/wp\/v2\/pages\/83\/revisions"}],"predecessor-version":[{"id":1826,"href":"https:\/\/johanneskirchengemeinde-wismar.de\/index.php?rest_route=\/wp\/v2\/pages\/83\/revisions\/1826"}],"wp:attachment":[{"href":"https:\/\/johanneskirchengemeinde-wismar.de\/index.php?rest_route=%2Fwp%2Fv2%2Fmedia&parent=83"}],"curies":[{"name":"wp","href":"https:\/\/api.w.org\/{rel}","templated":true}]}}